{"id":168,"date":"2025-03-20T18:00:34","date_gmt":"2025-03-20T18:00:34","guid":{"rendered":"https:\/\/prentisiaethau.6435cea4309176ad6a8aebb69ac8f99e-12591.sites.k-hosting.co.uk\/?page_id=168"},"modified":"2025-04-16T13:24:35","modified_gmt":"2025-04-16T13:24:35","slug":"accessibility-statement","status":"publish","type":"page","link":"https:\/\/pecyn-prentis.cymru\/cy\/accessibility-statement\/","title":{"rendered":"Datganiad hygyrchedd"},"content":{"rendered":"<p>[et_pb_section fb_built=&#8221;1&#8243; _builder_version=&#8221;4.27.4&#8243; _module_preset=&#8221;default&#8221; global_colors_info=&#8221;{}&#8221;][et_pb_row _builder_version=&#8221;4.27.4&#8243; _module_preset=&#8221;default&#8221; global_colors_info=&#8221;{}&#8221;][et_pb_column type=&#8221;4_4&#8243; _builder_version=&#8221;4.27.4&#8243; _module_preset=&#8221;default&#8221; global_colors_info=&#8221;{}&#8221;][et_pb_text _builder_version=&#8221;4.27.4&#8243; _module_preset=&#8221;default&#8221; text_font=&#8221;Poppins Bold||||||||&#8221; text_text_color=&#8221;#34B6B3&#8243; text_font_size=&#8221;44px&#8221; text_line_height=&#8221;1.1em&#8221; custom_margin=&#8221;||67px||false|false&#8221; locked=&#8221;off&#8221; global_colors_info=&#8221;{}&#8221;]<\/p>\n<p>Datganiad Hygyrchedd<\/p>\n<p>[\/et_pb_text][et_pb_text _builder_version=&#8221;4.27.4&#8243; _module_preset=&#8221;default&#8221; global_colors_info=&#8221;{}&#8221;]<\/p>\n<p>Mae\u2019r datganiad hygyrchedd hwn yn berthnasol i <em>Pecyn Prentis<\/em>.<\/p>\n<p>Atebol sy\u2019n rhedeg y wefan hon. Mae arnom eisiau i gynifer \u00e2 phosibl o bobl allu defnyddio\u2019r wefan hon. Er enghraifft, mae hynny\u2019n golygu y dylech allu gwneud y canlynol:<\/p>\n<ul>\n<li>newid lliwiau, lefelau cyferbynnedd a ffontiau gan ddefnyddio\u2019r porwr neu osodiadau eich dyfais<\/li>\n<li>nes\u00e1u hyd at 400% heb i\u2019r testun orlifo oddi ar y sgrin<\/li>\n<li>gwe-lywio\u2019r rhan fwyaf o\u2019r wefan gan ddefnyddio bysellfwrdd neu feddalwedd adnabod llais<\/li>\n<li>gwrando ar y rhan fwyaf o\u2019r wefan gan ddefnyddio rhaglen darllen sgrin (gan gynnwys y fersiynau diweddaraf o JAWS, NVDA a VoiceOver)<\/li>\n<\/ul>\n<p>Rydym hefyd wedi sicrhau bod testun y wefan mor syml \u00e2 phosib i\u2019w ddeall.<\/p>\n<p>Mae cyngor ar gael gan<span>\u00a0<\/span><span><a href=\"https:\/\/mcmw.abilitynet.org.uk\/\">AbilityNet<\/a><\/span><span>\u00a0<\/span>ynghylch gwneud eich dyfais yn haws ei defnyddio os oes gennych chi anabledd.<\/p>\n<h3><span>Adborth a gwybodaeth gyswllt<\/span><\/h3>\n<p>Os ydych yn dod ar draws unrhyw broblemau nad ydynt wedi cael eu rhestru ar y dudalen hon, neu os ydych yn credu nad ydym yn bodloni\u2019r gofynion hygyrchedd, cysylltwch ag owain@atebol.com.<\/p>\n<p>Os oes angen yr wybodaeth ar y wefan hon arnoch mewn fformat gwahanol, fel PDF hygyrch, print bras, hawdd ei ddarllen, recordiad sain neu braille:<\/p>\n<p>E-bost: owain@atebol.com<\/p>\n<p>Ff\u00f4n: 01970 832 172<\/p>\n<p>Byddwn yn ystyried eich cais ac yn dod yn \u00f4l atoch cyn pen 2 ddiwrnod.<\/p>\n<h3><span>Gweithdrefn gorfodi<\/span><\/h3>\n<p>Y Comisiwn Cydraddoldeb a Hawliau Dynol (EHRC) sy\u2019n gyfrifol am weithredu Rheoliadau Hygyrchedd Cyrff Sector Cyhoeddus (Gwefannau ac Apiau Symudol) (Rhif 2) 2018 (y \u2018rheoliadau hygyrchedd\u2019). Os ydych chi\u2019n anhapus \u00e2\u2019r ffordd rydyn ni\u2019n ymateb i\u2019ch cwyn, cysylltwch \u00e2\u2019r<span>\u00a0<a href=\"https:\/\/www.equalityadvisoryservice.com\/\">Gwasanaeth Cynghori a Chefnogi Cydraddoldeb (EASS)<\/a>.<\/span><\/p>\n<h2><span>Cysylltu \u00e2 ni ar y ff\u00f4n neu ymweld \u00e2 ni<\/span><\/h2>\n<p>Rydym yn cynnig gwasanaeth cyfnewid testun i bobl sy\u2019n B\/byddar, sydd \u00e2 nam ar eu clyw neu sydd \u00e2 nam ar eu lleferydd.<\/p>\n<p>Mae system dolen glywed yn ein swyddfeydd, neu os byddwch yn cysylltu \u00e2 ni cyn eich ymweliad gallwn drefnu dehonglydd Iaith Arwyddion Prydain.<\/p>\n<p>Sut mae cysylltu \u00e2 ni https:\/\/atebol.com\/contact-us\/.<\/p>\n<h2><span>Gwybodaeth dechnegol am hygyrchedd y wefan hon<\/span><\/h2>\n<p>Mae Atebol wedi ymrwymo i wneud ei wefan yn hygyrch, yn unol \u00e2 Rheoliadau Hygyrchedd Cyrff Sector Cyhoeddus (Gwefannau ac Apiau Symudol) (Rhif 2) 2018.<\/p>\n<h3><span>Statws cydymffurfedd<\/span><\/h3>\n<p>Mae\u2019r wefan hon yn cydymffurfio\u2019n llwyr \u00e2 [safon AA\u00a0<span><a href=\"https:\/\/www.w3.org\/TR\/WCAG21\/\">Canllawiau Hygyrchedd Cynnwys y We fersiwn 2.1<\/a><\/span><span>\u00a0<\/span>neu<span>\u00a0<\/span><span><a href=\"https:\/\/www.w3.org\/TR\/WCAG22\/\">safon AA\u00a0Canllawiau Hygyrchedd Cynnwys y We fersiwn 2.2<\/a><\/span>].<\/p>\n<h2><span>Paratoad y datganiad hygyrchedd hwn<\/span><\/h2>\n<p>Paratowyd y datganiad hwn ar 20 Mawrth 2025. Adolygwyd ddiwethaf ar 20 Mawrth 2025.<\/p>\n<p>Cafodd y wefan hon ei phrofi ddiwethaf ar 20 Mawrth 2025. Cynhaliwyd y prawf gan Atebol.<\/p>\n<p>[\/et_pb_text][\/et_pb_column][\/et_pb_row][\/et_pb_section]<\/p>","protected":false},"excerpt":{"rendered":"<p>Accessibility StatementThis accessibility statement applies to Pecyn Prentis. This website is run by Atebol. We want as many people as possible to be able to use this website. For example, that means you should be able to: change colours, contrast levels and fonts using browser or device settings zoom in up to 400% without the text spilling off the screen navigate most of the website using a keyboard or speech recognition software listen to most of the website using a screen reader (including the most recent versions of JAWS, NVDA and VoiceOver) We\u2019ve also made the website text as simple as possible to understand. AbilityNet\u00a0has advice on making your device easier to use if you have a disability. Feedback and contact information If you find any problems not listed on this page or think we\u2019re not meeting accessibility requirements, contact: owain@atebol.com If you need information on this website in a different format like accessible PDF, large print, easy read, audio recording or braille: Email: owain@atebol.com Call: 01970 832 172 We\u2019ll consider your request and get back to you in 2 days. Enforcement procedure The Equality and Human Rights Commission (EHRC) is responsible for enforcing the Public Sector Bodies (Websites [&hellip;]<\/p>","protected":false},"author":1,"featured_media":0,"parent":0,"menu_order":0,"comment_status":"closed","ping_status":"closed","template":"","meta":{"_et_pb_use_builder":"on","_et_pb_old_content":"","_et_gb_content_width":"","inline_featured_image":false,"footnotes":""},"class_list":["post-168","page","type-page","status-publish","hentry"],"_links":{"self":[{"href":"https:\/\/pecyn-prentis.cymru\/cy\/wp-json\/wp\/v2\/pages\/168","targetHints":{"allow":["GET"]}}],"collection":[{"href":"https:\/\/pecyn-prentis.cymru\/cy\/wp-json\/wp\/v2\/pages"}],"about":[{"href":"https:\/\/pecyn-prentis.cymru\/cy\/wp-json\/wp\/v2\/types\/page"}],"author":[{"embeddable":true,"href":"https:\/\/pecyn-prentis.cymru\/cy\/wp-json\/wp\/v2\/users\/1"}],"replies":[{"embeddable":true,"href":"https:\/\/pecyn-prentis.cymru\/cy\/wp-json\/wp\/v2\/comments?post=168"}],"version-history":[{"count":4,"href":"https:\/\/pecyn-prentis.cymru\/cy\/wp-json\/wp\/v2\/pages\/168\/revisions"}],"predecessor-version":[{"id":707,"href":"https:\/\/pecyn-prentis.cymru\/cy\/wp-json\/wp\/v2\/pages\/168\/revisions\/707"}],"wp:attachment":[{"href":"https:\/\/pecyn-prentis.cymru\/cy\/wp-json\/wp\/v2\/media?parent=168"}],"curies":[{"name":"wp","href":"https:\/\/api.w.org\/{rel}","templated":true}]}}